{"id":20732,"date":"2024-12-09T15:20:21","date_gmt":"2024-12-09T15:20:21","guid":{"rendered":"https:\/\/www.aperol.com\/pt-br\/?page_id=20732"},"modified":"2024-12-17T16:22:22","modified_gmt":"2024-12-17T16:22:22","slug":"festa-onda-laranja","status":"publish","type":"page","link":"https:\/\/www.aperol.com\/pt-br\/novidades-e-eventos\/festa-onda-laranja\/","title":{"rendered":"Festa \u201cOnda Laranja\u201d \u2013 O Esquenta do Ver\u00e3o 2024\/2025"},"content":{"rendered":"","protected":false},"excerpt":{"rendered":"","protected":false},"author":10041,"featured_media":20919,"parent":20252,"menu_order":0,"comment_status":"closed","ping_status":"closed","template":"templates\/tpl-blocks.php","meta":{"_acf_changed":false,"footnotes":""},"class_list":["post-20732","page","type-page","status-publish","has-post-thumbnail","hentry"],"acf":[],"yoast_head":"\nFesta Onda Laranja | Aperol<\/title>\n<meta name=\"description\" content=\"O ver\u00e3o bateu \u00e0 porta, e Aperol Spritz deu in\u00edcio \u00e0 esta\u00e7\u00e3o com um evento inesquec\u00edvel: a festa \u201cOnda Laranja\u201d, que aconteceu no dia 7 de dezembro de 2024, no ic\u00f4nico Espa\u00e7o Varanda Estaiada, em S\u00e3o Paulo.\" \/>\n<meta name=\"robots\" content=\"index, follow, max-snippet:-1, max-image-preview:large, max-video-preview:-1\" \/>\n<meta property=\"og:type\" content=\"article\" \/>\n<meta property=\"og:title\" content=\"Festa Onda Laranja | Aperol\" \/>\n<meta property=\"og:description\" content=\"O ver\u00e3o bateu \u00e0 porta, e Aperol Spritz deu in\u00edcio \u00e0 esta\u00e7\u00e3o com um evento inesquec\u00edvel: a festa \u201cOnda Laranja\u201d, que aconteceu no dia 7 de dezembro de 2024, no ic\u00f4nico Espa\u00e7o Varanda Estaiada, em S\u00e3o Paulo.\" \/>\n<meta property=\"og:url\" content=\"https:\/\/www.aperol.com\/pt-br\/novidades-e-eventos\/festa-onda-laranja\/\" \/>\n<meta property=\"og:site_name\" content=\"Aperol-brazil-pt\" \/>\n<meta property=\"article:modified_time\" content=\"2024-12-17T16:22:22+00:00\" \/>\n<meta property=\"og:image\" content=\"https:\/\/www.aperol.com\/app\/uploads\/sites\/23\/2024\/12\/Horizonte_Mangabeira_231024_AperolCampari-10.webp\" \/>\n\t<meta property=\"og:image:width\" content=\"600\" \/>\n\t<meta property=\"og:image:height\" content=\"624\" \/>\n\t<meta property=\"og:image:type\" content=\"image\/webp\" \/>\n<meta name=\"twitter:card\" content=\"summary_large_image\" \/>\n<!-- \/ Yoast SEO plugin. -->","yoast_head_json":{"title":"Festa Onda Laranja | Aperol","description":"O ver\u00e3o bateu \u00e0 porta, e Aperol Spritz deu in\u00edcio \u00e0 esta\u00e7\u00e3o com um evento inesquec\u00edvel: a festa \u201cOnda Laranja\u201d, que aconteceu no dia 7 de dezembro de 2024, no ic\u00f4nico Espa\u00e7o Varanda Estaiada, em S\u00e3o Paulo.","robots":{"index":"index","follow":"follow","max-snippet":"max-snippet:-1","max-image-preview":"max-image-preview:large","max-video-preview":"max-video-preview:-1"},"og_type":"article","og_title":"Festa Onda Laranja | Aperol","og_description":"O ver\u00e3o bateu \u00e0 porta, e Aperol Spritz deu in\u00edcio \u00e0 esta\u00e7\u00e3o com um evento inesquec\u00edvel: a festa \u201cOnda Laranja\u201d, que aconteceu no dia 7 de dezembro de 2024, no ic\u00f4nico Espa\u00e7o Varanda Estaiada, em S\u00e3o Paulo.","og_url":"https:\/\/www.aperol.com\/pt-br\/novidades-e-eventos\/festa-onda-laranja\/","og_site_name":"Aperol-brazil-pt","article_modified_time":"2024-12-17T16:22:22+00:00","og_image":[{"width":600,"height":624,"url":"https:\/\/www.aperol.com\/app\/uploads\/sites\/23\/2024\/12\/Horizonte_Mangabeira_231024_AperolCampari-10.webp","type":"image\/webp"}],"twitter_card":"summary_large_image","schema":{"@context":"https:\/\/schema.org","@graph":[{"@type":"WebPage","@id":"https:\/\/www.aperol.com\/pt-br\/novidades-e-eventos\/festa-onda-laranja\/","url":"https:\/\/www.aperol.com\/pt-br\/novidades-e-eventos\/festa-onda-laranja\/","name":"Festa Onda Laranja | Aperol","isPartOf":{"@id":"https:\/\/www.aperol.com\/pt-br\/#website"},"primaryImageOfPage":{"@id":"https:\/\/www.aperol.com\/pt-br\/novidades-e-eventos\/festa-onda-laranja\/#primaryimage"},"image":{"@id":"https:\/\/www.aperol.com\/pt-br\/novidades-e-eventos\/festa-onda-laranja\/#primaryimage"},"thumbnailUrl":"https:\/\/www.aperol.com\/app\/uploads\/sites\/23\/2024\/12\/DSF0301-2.webp","datePublished":"2024-12-09T15:20:21+00:00","dateModified":"2024-12-17T16:22:22+00:00","description":"O ver\u00e3o bateu \u00e0 porta, e Aperol Spritz deu in\u00edcio \u00e0 esta\u00e7\u00e3o com um evento inesquec\u00edvel: a festa \u201cOnda Laranja\u201d, que aconteceu no dia 7 de dezembro de 2024, no ic\u00f4nico Espa\u00e7o Varanda Estaiada, em S\u00e3o Paulo.","breadcrumb":{"@id":"https:\/\/www.aperol.com\/pt-br\/novidades-e-eventos\/festa-onda-laranja\/#breadcrumb"},"inLanguage":"pt-BR","potentialAction":[{"@type":"ReadAction","target":["https:\/\/www.aperol.com\/pt-br\/novidades-e-eventos\/festa-onda-laranja\/"]}]},{"@type":"ImageObject","inLanguage":"pt-BR","@id":"https:\/\/www.aperol.com\/pt-br\/novidades-e-eventos\/festa-onda-laranja\/#primaryimage","url":"https:\/\/www.aperol.com\/app\/uploads\/sites\/23\/2024\/12\/DSF0301-2.webp","contentUrl":"https:\/\/www.aperol.com\/app\/uploads\/sites\/23\/2024\/12\/DSF0301-2.webp","width":2048,"height":1365},{"@type":"BreadcrumbList","@id":"https:\/\/www.aperol.com\/pt-br\/novidades-e-eventos\/festa-onda-laranja\/#breadcrumb","itemListElement":[{"@type":"ListItem","position":1,"name":"Home","item":"https:\/\/www.aperol.com\/pt-br\/"},{"@type":"ListItem","position":2,"name":"Eventos","item":"https:\/\/www.aperol.com\/pt-br\/novidades-e-eventos\/"},{"@type":"ListItem","position":3,"name":"Festa \u201cOnda Laranja\u201d \u2013 O Esquenta do Ver\u00e3o 2024\/2025"}]},{"@type":"WebSite","@id":"https:\/\/www.aperol.com\/pt-br\/#website","url":"https:\/\/www.aperol.com\/pt-br\/","name":"Aperol-brazil-pt","description":"","publisher":{"@id":"https:\/\/www.aperol.com\/pt-br\/#organization"},"potentialAction":[{"@type":"SearchAction","target":{"@type":"EntryPoint","urlTemplate":"https:\/\/www.aperol.com\/pt-br\/?s={search_term_string}"},"query-input":{"@type":"PropertyValueSpecification","valueRequired":true,"valueName":"search_term_string"}}],"inLanguage":"pt-BR"},{"@type":"Organization","@id":"https:\/\/www.aperol.com\/pt-br\/#organization","name":"Aperol","url":"https:\/\/www.aperol.com\/pt-br\/","logo":{"@type":"ImageObject","inLanguage":"pt-BR","@id":"https:\/\/www.aperol.com\/pt-br\/#\/schema\/logo\/image\/","url":"https:\/\/www.aperol.com\/app\/uploads\/2023\/05\/aperol-organization-logo.png","contentUrl":"https:\/\/www.aperol.com\/app\/uploads\/2023\/05\/aperol-organization-logo.png","width":720,"height":720,"caption":"Aperol"},"image":{"@id":"https:\/\/www.aperol.com\/pt-br\/#\/schema\/logo\/image\/"}}]}},"_links":{"self":[{"href":"https:\/\/www.aperol.com\/pt-br\/wp-json\/wp\/v2\/pages\/20732","targetHints":{"allow":["GET"]}}],"collection":[{"href":"https:\/\/www.aperol.com\/pt-br\/wp-json\/wp\/v2\/pages"}],"about":[{"href":"https:\/\/www.aperol.com\/pt-br\/wp-json\/wp\/v2\/types\/page"}],"author":[{"embeddable":true,"href":"https:\/\/www.aperol.com\/pt-br\/wp-json\/wp\/v2\/users\/10041"}],"replies":[{"embeddable":true,"href":"https:\/\/www.aperol.com\/pt-br\/wp-json\/wp\/v2\/comments?post=20732"}],"version-history":[{"count":3,"href":"https:\/\/www.aperol.com\/pt-br\/wp-json\/wp\/v2\/pages\/20732\/revisions"}],"predecessor-version":[{"id":20922,"href":"https:\/\/www.aperol.com\/pt-br\/wp-json\/wp\/v2\/pages\/20732\/revisions\/20922"}],"up":[{"embeddable":true,"href":"https:\/\/www.aperol.com\/pt-br\/wp-json\/wp\/v2\/pages\/20252"}],"wp:featuredmedia":[{"embeddable":true,"href":"https:\/\/www.aperol.com\/pt-br\/wp-json\/wp\/v2\/media\/20919"}],"wp:attachment":[{"href":"https:\/\/www.aperol.com\/pt-br\/wp-json\/wp\/v2\/media?parent=20732"}],"curies":[{"name":"wp","href":"https:\/\/api.w.org\/{rel}","templated":true}]}}